{"id":9498,"date":"2024-11-15T02:58:40","date_gmt":"2024-11-15T02:58:40","guid":{"rendered":"https:\/\/marsd.com.mx\/?page_id=9498"},"modified":"2024-11-28T22:57:44","modified_gmt":"2024-11-28T22:57:44","slug":"como-funciona","status":"publish","type":"page","link":"https:\/\/marsd.com.mx\/?page_id=9498","title":{"rendered":"\u00bfC\u00f3mo funciona?"},"content":{"rendered":"<div class=\"wpb-content-wrapper\"><p>[vc_row css=&#8221;.vc_custom_1666272380651{margin-bottom: 80px !important;}&#8221; woodmart_css_id=&#8221;63514c723c2f3&#8243; responsive_spacing=&#8221;eyJwYXJhbV90eXBlIjoid29vZG1hcnRfcmVzcG9uc2l2ZV9zcGFjaW5nIiwic2VsZWN0b3JfaWQiOiI2MzUxNGM3MjNjMmYzIiwic2hvcnRjb2RlIjoidmNfcm93IiwiZGF0YSI6eyJ0YWJsZXQiOnsibWFyZ2luLWJvdHRvbSI6IjYwIn0sIm1vYmlsZSI6eyJtYXJnaW4tYm90dG9tIjoiNDAifX19&#8243; mobile_bg_img_hidden=&#8221;no&#8221; tablet_bg_img_hidden=&#8221;no&#8221; woodmart_parallax=&#8221;0&#8243; woodmart_gradient_switch=&#8221;no&#8221; woodmart_box_shadow=&#8221;no&#8221; wd_z_index=&#8221;no&#8221; woodmart_disable_overflow=&#8221;0&#8243; row_reverse_mobile=&#8221;0&#8243; row_reverse_tablet=&#8221;0&#8243;][vc_column css=&#8221;.vc_custom_1666272391679{padding-top: 0px !important;}&#8221; woodmart_css_id=&#8221;63514c8260958&#8243; parallax_scroll=&#8221;no&#8221; woodmart_sticky_column=&#8221;false&#8221; wd_collapsible_content_switcher=&#8221;no&#8221; wd_column_role_offcanvas_desktop=&#8221;no&#8221; wd_column_role_offcanvas_tablet=&#8221;no&#8221; wd_column_role_offcanvas_mobile=&#8221;no&#8221; wd_column_role_content_desktop=&#8221;no&#8221; wd_column_role_content_tablet=&#8221;no&#8221; wd_column_role_content_mobile=&#8221;no&#8221; mobile_bg_img_hidden=&#8221;no&#8221; tablet_bg_img_hidden=&#8221;no&#8221; woodmart_parallax=&#8221;0&#8243; woodmart_box_shadow=&#8221;no&#8221; responsive_spacing=&#8221;eyJwYXJhbV90eXBlIjoid29vZG1hcnRfcmVzcG9uc2l2ZV9zcGFjaW5nIiwic2VsZWN0b3JfaWQiOiI2MzUxNGM4MjYwOTU4Iiwic2hvcnRjb2RlIjoidmNfY29sdW1uIiwiZGF0YSI6eyJ0YWJsZXQiOnt9LCJtb2JpbGUiOnt9fX0=&#8221; mobile_reset_margin=&#8221;no&#8221; tablet_reset_margin=&#8221;no&#8221; wd_z_index=&#8221;no&#8221;]\t\t\t<link rel=\"stylesheet\" id=\"wd-section-title-css\" href=\"https:\/\/marsd.com.mx\/wp-content\/themes\/woodmart\/css\/parts\/el-section-title.min.css?ver=7.4.1\" type=\"text\/css\" media=\"all\" \/> \t\t\t\t\t\t<link rel=\"stylesheet\" id=\"wd-mod-highlighted-text-css\" href=\"https:\/\/marsd.com.mx\/wp-content\/themes\/woodmart\/css\/parts\/mod-highlighted-text.min.css?ver=7.4.1\" type=\"text\/css\" media=\"all\" \/> \t\t\t\n\t\t<div id=\"wd-6736ccda33aa3\" class=\"title-wrapper wd-wpb set-mb-s reset-last-child  wd-rs-6736ccda33aa3 wd-title-color-default wd-title-style-default text-center  wd-underline-colored\">\n\t\t\t\t\t\t\t<div class=\"title-subtitle  subtitle-color-default font-default subtitle-style-default wd-font-weight- wd-fontsize-xs\">Rentar un vestido en Mar SD es un proceso simple y conveniente. Sigue estos sencillos pasos para asegurarte de que todo salga perfecto para tu pr\u00f3ximo evento:<\/div>\n\t\t\t\n\t\t\t<div class=\"liner-continer\">\n\t\t\t\t<h4 class=\"woodmart-title-container title  wd-font-weight- wd-fontsize-xxl\" >Renta de Vestidos en Mar SD<\/h4>\n\t\t\t\t\t\t\t<\/div>\n\t\t\t\n\t\t\t\n\t\t\t\n\t\t<\/div>\n\t\t\n\t\t\t\t<div id=\"wd-6736cbab53b47\" class=\"wd-image wd-wpb wd-rs-6736cbab53b47 text-center \">\n\t\t\t\n\t\t\t<img loading=\"lazy\" decoding=\"async\" width=\"780\" height=\"250\" src=\"https:\/\/marsd.com.mx\/wp-content\/uploads\/2024\/11\/funcion1-01.png\" class=\"attachment-780x250 size-780x250\" alt=\"\" srcset=\"https:\/\/marsd.com.mx\/wp-content\/uploads\/2024\/11\/funcion1-01.png 780w, https:\/\/marsd.com.mx\/wp-content\/uploads\/2024\/11\/funcion1-01-430x138.png 430w, https:\/\/marsd.com.mx\/wp-content\/uploads\/2024\/11\/funcion1-01-150x48.png 150w, https:\/\/marsd.com.mx\/wp-content\/uploads\/2024\/11\/funcion1-01-700x224.png 700w, https:\/\/marsd.com.mx\/wp-content\/uploads\/2024\/11\/funcion1-01-400x128.png 400w, https:\/\/marsd.com.mx\/wp-content\/uploads\/2024\/11\/funcion1-01-768x246.png 768w\" sizes=\"auto, (max-width: 780px) 100vw, 780px\" \/>\n\t\t\t\t\t<\/div>\n\t\t\t\t\t<link rel=\"stylesheet\" id=\"wd-text-block-css\" href=\"https:\/\/marsd.com.mx\/wp-content\/themes\/woodmart\/css\/parts\/el-text-block.min.css?ver=7.4.1\" type=\"text\/css\" media=\"all\" \/> \t\t\t\t\t<div id=\"wd-6736cb6c2566c\" class=\"wd-text-block wd-wpb reset-last-child wd-rs-6736cb6c2566c text-center wd-fontsize-m vc_custom_1731644318851\">\n\t\t\t<p style=\"text-align: left;\"><strong>Paso 1:<\/strong> Explora Nuestra Colecci\u00f3n<br \/>\nVisita nuestra boutique o navega por nuestro cat\u00e1logo en l\u00ednea para encontrar el vestido ideal para tu ocasi\u00f3n especial. Tenemos vestidos para todas las ocasiones, desde fiestas de d\u00eda hasta galas de noche.<\/p>\n<p style=\"text-align: left;\">Filtra por talla, ocasi\u00f3n o estilo para que encuentres exactamente lo que buscas.<\/p>\n<p style=\"text-align: left;\"><strong>Paso 2:<\/strong> Reserva el Vestido<br \/>\nUna vez elegido tu vestido, verifica su disponibilidad en nuestro calendario de reservas.<\/p>\n<p style=\"text-align: left;\">Realiza la reserva directamente en nuestra boutique o cont\u00e1ctanos a trav\u00e9s de nuestras plataformas para asegurar la fecha de tu evento.<\/p>\n<p style=\"text-align: left;\"><strong>Paso 3:<\/strong> Garant\u00eda de Renta<br \/>\nPara asegurar tu renta, solicitamos la presentaci\u00f3n de una INE vigente (CDMX o \u00c1rea Metropolitana) y un comprobante de domicilio (no mayor a tres meses) que coincida con la identificaci\u00f3n en nombre o direcci\u00f3n.<\/p>\n<p style=\"text-align: left;\">En caso de no contar con alguno de los documentos mencionados, deber\u00e1s dejar un dep\u00f3sito en garant\u00eda de entre $750 y $1,000 MXN, dependiendo del modelo.<\/p>\n<p style=\"text-align: left;\"><strong>Paso 4:<\/strong> Recoge tu Vestido<br \/>\nEl d\u00eda acordado, pasa por nuestra boutique para recoger tu vestido. Aseg\u00farate de verificar que todo est\u00e9 en perfectas condiciones.<\/p>\n<p style=\"text-align: left;\"><strong>Paso 5:<\/strong> Devuelve el Vestido<br \/>\nDevuelve el vestido en la fecha acordada (dentro del periodo de 4 d\u00edas). Recuerda que cualquier da\u00f1o ser\u00e1 evaluado al momento de la devoluci\u00f3n. Si todo est\u00e1 bien, el dep\u00f3sito se te devolver\u00e1 en su totalidad.<\/p>\n\t\t<\/div>\n\t\t[\/vc_column][\/vc_row][vc_row css=&#8221;.vc_custom_1666272380651{margin-bottom: 80px !important;}&#8221; woodmart_css_id=&#8221;63514c723c2f3&#8243; responsive_spacing=&#8221;eyJwYXJhbV90eXBlIjoid29vZG1hcnRfcmVzcG9uc2l2ZV9zcGFjaW5nIiwic2VsZWN0b3JfaWQiOiI2MzUxNGM3MjNjMmYzIiwic2hvcnRjb2RlIjoidmNfcm93IiwiZGF0YSI6eyJ0YWJsZXQiOnsibWFyZ2luLWJvdHRvbSI6IjYwIn0sIm1vYmlsZSI6eyJtYXJnaW4tYm90dG9tIjoiNDAifX19&#8243; mobile_bg_img_hidden=&#8221;no&#8221; tablet_bg_img_hidden=&#8221;no&#8221; woodmart_parallax=&#8221;0&#8243; woodmart_gradient_switch=&#8221;no&#8221; woodmart_box_shadow=&#8221;no&#8221; wd_z_index=&#8221;no&#8221; woodmart_disable_overflow=&#8221;0&#8243; row_reverse_mobile=&#8221;0&#8243; row_reverse_tablet=&#8221;0&#8243;][vc_column css=&#8221;.vc_custom_1666272391679{padding-top: 0px !important;}&#8221; woodmart_css_id=&#8221;63514c8260958&#8243; parallax_scroll=&#8221;no&#8221; woodmart_sticky_column=&#8221;false&#8221; wd_collapsible_content_switcher=&#8221;no&#8221; wd_column_role_offcanvas_desktop=&#8221;no&#8221; wd_column_role_offcanvas_tablet=&#8221;no&#8221; wd_column_role_offcanvas_mobile=&#8221;no&#8221; wd_column_role_content_desktop=&#8221;no&#8221; wd_column_role_content_tablet=&#8221;no&#8221; wd_column_role_content_mobile=&#8221;no&#8221; mobile_bg_img_hidden=&#8221;no&#8221; tablet_bg_img_hidden=&#8221;no&#8221; woodmart_parallax=&#8221;0&#8243; woodmart_box_shadow=&#8221;no&#8221; responsive_spacing=&#8221;eyJwYXJhbV90eXBlIjoid29vZG1hcnRfcmVzcG9uc2l2ZV9zcGFjaW5nIiwic2VsZWN0b3JfaWQiOiI2MzUxNGM4MjYwOTU4Iiwic2hvcnRjb2RlIjoidmNfY29sdW1uIiwiZGF0YSI6eyJ0YWJsZXQiOnt9LCJtb2JpbGUiOnt9fX0=&#8221; mobile_reset_margin=&#8221;no&#8221; tablet_reset_margin=&#8221;no&#8221; wd_z_index=&#8221;no&#8221;]\n\t\t<div id=\"wd-6736ccb917c0f\" class=\"title-wrapper wd-wpb set-mb-s reset-last-child  wd-rs-6736ccb917c0f wd-title-color-default wd-title-style-default text-center  wd-underline-colored\">\n\t\t\t\t\t\t\t<div class=\"title-subtitle  subtitle-color-default font-default subtitle-style-default wd-font-weight- wd-fontsize-xs\">Sabemos lo importante que es encontrar el vestido de novia perfecto. En Mar SD, hemos simplificado el proceso de compra para que sea c\u00f3modo y seguro:<\/div>\n\t\t\t\n\t\t\t<div class=\"liner-continer\">\n\t\t\t\t<h4 class=\"woodmart-title-container title  wd-font-weight- wd-fontsize-xxl\" >Venta de Vestidos de Novia en Mar SD<\/h4>\n\t\t\t\t\t\t\t<\/div>\n\t\t\t\n\t\t\t\n\t\t\t\n\t\t<\/div>\n\t\t\n\t\t\t\t<div id=\"wd-6736cd4d00a1d\" class=\"wd-image wd-wpb wd-rs-6736cd4d00a1d text-center \">\n\t\t\t\n\t\t\t<img loading=\"lazy\" decoding=\"async\" width=\"780\" height=\"250\" src=\"https:\/\/marsd.com.mx\/wp-content\/uploads\/2024\/11\/funcion2-01.png\" class=\"attachment-780x250 size-780x250\" alt=\"\" srcset=\"https:\/\/marsd.com.mx\/wp-content\/uploads\/2024\/11\/funcion2-01.png 780w, https:\/\/marsd.com.mx\/wp-content\/uploads\/2024\/11\/funcion2-01-430x138.png 430w, https:\/\/marsd.com.mx\/wp-content\/uploads\/2024\/11\/funcion2-01-150x48.png 150w, https:\/\/marsd.com.mx\/wp-content\/uploads\/2024\/11\/funcion2-01-700x224.png 700w, https:\/\/marsd.com.mx\/wp-content\/uploads\/2024\/11\/funcion2-01-400x128.png 400w, https:\/\/marsd.com.mx\/wp-content\/uploads\/2024\/11\/funcion2-01-768x246.png 768w\" sizes=\"auto, (max-width: 780px) 100vw, 780px\" \/>\n\t\t\t\t\t<\/div>\n\t\t\t\t<div id=\"wd-6748f4e85e1c7\" class=\"wd-text-block wd-wpb reset-last-child wd-rs-6748f4e85e1c7 text-center wd-fontsize-m vc_custom_1732834575275\">\n\t\t\t<h4 style=\"text-align: left;\"><b>Paso 1: Encuentra tu Vestido de Novia<\/b><\/h4>\n<ul style=\"text-align: left;\">\n<li style=\"font-weight: 400;\" aria-level=\"1\"><span style=\"font-weight: 400;\">Visita nuestra boutique o navega nuestro cat\u00e1logo de vestidos de novia en l\u00ednea. Ofrecemos una amplia variedad de estilos, desde bohemios hasta cl\u00e1sicos, para que encuentres el vestido que siempre has so\u00f1ado<\/span><\/li>\n<\/ul>\n<h4 style=\"text-align: left;\"><b>Paso 2: Agenda una Cita<\/b><\/h4>\n<ul style=\"text-align: left;\">\n<li style=\"font-weight: 400;\" aria-level=\"1\"><span style=\"font-weight: 400;\">Si prefieres probarte el vestido antes de comprarlo, agenda una cita con uno de nuestros <\/span><b>stylists<\/b><span style=\"font-weight: 400;\">. Te asesoraremos y te ayudaremos a encontrar el ajuste perfecto.<\/span><\/li>\n<li style=\"font-weight: 400;\" aria-level=\"1\"><span style=\"font-weight: 400;\">Las citas se pueden agendar directamente en nuestro sitio web o llam\u00e1ndonos a nuestra boutique.<\/span><\/li>\n<\/ul>\n<h4 style=\"text-align: left;\"><b>Paso 3: Compra Tu Vestido<\/b><\/h4>\n<ul style=\"text-align: left;\">\n<li style=\"font-weight: 400;\" aria-level=\"1\"><span style=\"font-weight: 400;\">Si has decidido cu\u00e1l es el vestido perfecto para ti, puedes <\/span><b>comprarlo directamente en nuestra tienda f\u00edsica<\/b><span style=\"font-weight: 400;\"> o <\/span><b>finalizar la compra en l\u00ednea<\/b><span style=\"font-weight: 400;\">. Aceptamos m\u00faltiples formas de pago, incluyendo tarjetas de cr\u00e9dito y d\u00e9bito, adem\u00e1s de transferencias bancarias.<\/span><\/li>\n<\/ul>\n<h4 style=\"text-align: left;\"><b>Paso 4: Ajustes y Entrega<\/b><\/h4>\n<ul style=\"text-align: left;\">\n<li style=\"font-weight: 400;\" aria-level=\"1\"><span style=\"font-weight: 400;\">Una vez finalizados los ajustes, puedes recoger tu vestido en la boutique o solicitar el env\u00edo a tu domicilio.<\/span><\/li>\n<\/ul>\n\t\t<\/div>\n\t\t[\/vc_column][\/vc_row][vc_row][vc_column]\n\t\t<div id=\"wd-6736cf066b646\" class=\"title-wrapper wd-wpb set-mb-s reset-last-child  wd-rs-6736cf066b646 wd-title-color-default wd-title-style-default text-center  wd-underline-colored\">\n\t\t\t\n\t\t\t<div class=\"liner-continer\">\n\t\t\t\t<h4 class=\"woodmart-title-container title  wd-font-weight- wd-fontsize-xxl\" >PREGUNTAS FRECUENTES<\/h4>\n\t\t\t\t\t\t\t<\/div>\n\t\t\t\n\t\t\t\n\t\t\t\n\t\t<\/div>\n\t\t\n\t\t\t\t\t<link rel=\"stylesheet\" id=\"wd-accordion-css\" href=\"https:\/\/marsd.com.mx\/wp-content\/themes\/woodmart\/css\/parts\/el-accordion.min.css?ver=7.4.1\" type=\"text\/css\" media=\"all\" \/> \t\t\t\n\t\t<div id=\"wd-\" class=\"wd-accordion wd-wpb  wd-style-default\" data-state=\"first\">\n\t\t\t\t\t\t\t\n\t\t\t\t\n\t\t\t\t<div class=\"wd-accordion-item\">\n\t\t\t\t\t<div class=\"wd-accordion-title wd-active font-primary wd-fontsize-s text-left wd-opener-pos-left wd-font-weight-600\" data-accordion-index=\"0\">\n\t\t\t\t\t\t<div class=\"wd-accordion-title-text\">\n\t\t\t\t\t\t\t\t\t\t\t\t\t\t<span>\n\t\t\t\t\t\t\t\t\u00bfCu\u00e1nto tiempo puedo rentar un vestido?\t\t\t\t\t\t\t<\/span>\n\t\t\t\t\t\t<\/div>\n\t\t\t\t\t\t<span class=\"wd-accordion-opener wd-opener-style-arrow\"><\/span>\n\t\t\t\t\t<\/div>\n\n\t\t\t\t\t<div class=\"wd-accordion-content reset-last-child wd-active\" data-accordion-index=\"0\">\n\t\t\t\t\t\t\t\t\t\t\t\t\t\n<ul>\n<li style=\"font-weight: 400;\" aria-level=\"1\"><span style=\"font-weight: 400;\">El periodo de renta est\u00e1ndar es de <\/span><b>4 d\u00edas<\/b><span style=\"font-weight: 400;\">. Si necesitas un periodo mayor, por favor cont\u00e1ctanos para ver la disponibilidad y condiciones.<\/span><\/li>\n<\/ul>\n\t\t\t\t\t\t\t\t\t\t\t<\/div>\n\t\t\t\t<\/div>\n\t\t\t\t\t\t\t\n\t\t\t\t\n\t\t\t\t<div class=\"wd-accordion-item\">\n\t\t\t\t\t<div class=\"wd-accordion-title font-primary wd-fontsize-s text-left wd-opener-pos-left wd-font-weight-600\" data-accordion-index=\"1\">\n\t\t\t\t\t\t<div class=\"wd-accordion-title-text\">\n\t\t\t\t\t\t\t\t\t\t\t\t\t\t<span>\n\t\t\t\t\t\t\t\t\u00bfQu\u00e9 documentos necesito para rentar un vestido?\t\t\t\t\t\t\t<\/span>\n\t\t\t\t\t\t<\/div>\n\t\t\t\t\t\t<span class=\"wd-accordion-opener wd-opener-style-arrow\"><\/span>\n\t\t\t\t\t<\/div>\n\n\t\t\t\t\t<div class=\"wd-accordion-content reset-last-child\" data-accordion-index=\"1\">\n\t\t\t\t\t\t\t\t\t\t\t\t\t<p><span style=\"font-weight: 400;\">Necesitar\u00e1s una <\/span><b>INE vigente<\/b><span style=\"font-weight: 400;\"> y un <\/span><b>comprobante de domicilio<\/b><span style=\"font-weight: 400;\"> reciente (no mayor a tres meses). Si no cuentas con alguno de estos documentos, se solicitar\u00e1 un <\/span><b>dep\u00f3sito en garant\u00eda<\/b><span style=\"font-weight: 400;\">.<\/span><\/p>\n\t\t\t\t\t\t\t\t\t\t\t<\/div>\n\t\t\t\t<\/div>\n\t\t\t\t\t\t\t\n\t\t\t\t\n\t\t\t\t<div class=\"wd-accordion-item\">\n\t\t\t\t\t<div class=\"wd-accordion-title font-primary wd-fontsize-s text-left wd-opener-pos-left wd-font-weight-600\" data-accordion-index=\"2\">\n\t\t\t\t\t\t<div class=\"wd-accordion-title-text\">\n\t\t\t\t\t\t\t\t\t\t\t\t\t\t<span>\n\t\t\t\t\t\t\t\t\u00bfQu\u00e9 sucede si el vestido se da\u00f1a?\t\t\t\t\t\t\t<\/span>\n\t\t\t\t\t\t<\/div>\n\t\t\t\t\t\t<span class=\"wd-accordion-opener wd-opener-style-arrow\"><\/span>\n\t\t\t\t\t<\/div>\n\n\t\t\t\t\t<div class=\"wd-accordion-content reset-last-child\" data-accordion-index=\"2\">\n\t\t\t\t\t\t\t\t\t\t\t\t\t\n<ul>\n<li style=\"font-weight: 400;\" aria-level=\"1\"><span style=\"font-weight: 400;\">Durante la devoluci\u00f3n, revisaremos el estado del vestido. Si presenta alg\u00fan <\/span><b>da\u00f1o menor<\/b><span style=\"font-weight: 400;\">, se evaluar\u00e1n los costos de reparaci\u00f3n. En caso de <\/span><b>da\u00f1os irreparables<\/b><span style=\"font-weight: 400;\">, el costo completo del vestido ser\u00e1 cobrado.<\/span><\/li>\n<\/ul>\n\t\t\t\t\t\t\t\t\t\t\t<\/div>\n\t\t\t\t<\/div>\n\t\t\t\t\t\t\t\n\t\t\t\t\n\t\t\t\t<div class=\"wd-accordion-item\">\n\t\t\t\t\t<div class=\"wd-accordion-title font-primary wd-fontsize-s text-left wd-opener-pos-left wd-font-weight-600\" data-accordion-index=\"3\">\n\t\t\t\t\t\t<div class=\"wd-accordion-title-text\">\n\t\t\t\t\t\t\t\t\t\t\t\t\t\t<span>\n\t\t\t\t\t\t\t\t\u00bfPuedo cancelar una reserva de renta?\t\t\t\t\t\t\t<\/span>\n\t\t\t\t\t\t<\/div>\n\t\t\t\t\t\t<span class=\"wd-accordion-opener wd-opener-style-arrow\"><\/span>\n\t\t\t\t\t<\/div>\n\n\t\t\t\t\t<div class=\"wd-accordion-content reset-last-child\" data-accordion-index=\"3\">\n\t\t\t\t\t\t\t\t\t\t\t\t\t\n<ul>\n<li style=\"font-weight: 400;\" aria-level=\"1\">S\u00ed, puedes cancelar una reserva de renta en cualquier momento y recibir un reembolso parcial, sin embargo Mar SD cobra una penalizaci\u00f3n fija de <strong>$300 mxn<\/strong> que ser\u00e1 descontada del anticipo.<\/li>\n<\/ul>\n\t\t\t\t\t\t\t\t\t\t\t<\/div>\n\t\t\t\t<\/div>\n\t\t\t\t\t\t\t\n\t\t\t\t\n\t\t\t\t<div class=\"wd-accordion-item\">\n\t\t\t\t\t<div class=\"wd-accordion-title font-primary wd-fontsize-s text-left wd-opener-pos-left wd-font-weight-600\" data-accordion-index=\"4\">\n\t\t\t\t\t\t<div class=\"wd-accordion-title-text\">\n\t\t\t\t\t\t\t\t\t\t\t\t\t\t<span>\n\t\t\t\t\t\t\t\t\u00bfQu\u00e9 m\u00e9todos de pago aceptan para la compra de vestidos de novia?\t\t\t\t\t\t\t<\/span>\n\t\t\t\t\t\t<\/div>\n\t\t\t\t\t\t<span class=\"wd-accordion-opener wd-opener-style-arrow\"><\/span>\n\t\t\t\t\t<\/div>\n\n\t\t\t\t\t<div class=\"wd-accordion-content reset-last-child\" data-accordion-index=\"4\">\n\t\t\t\t\t\t\t\t\t\t\t\t\t\n<ul>\n<li style=\"font-weight: 400;\" aria-level=\"1\"><span style=\"font-weight: 400;\">Aceptamos <\/span><b>tarjetas de cr\u00e9dito<\/b><span style=\"font-weight: 400;\">, <\/span><b>tarjetas de d\u00e9bito<\/b><span style=\"font-weight: 400;\">, <\/span><b>transferencias bancarias<\/b><span style=\"font-weight: 400;\"> y <\/span><b>pagos en efectivo<\/b><span style=\"font-weight: 400;\"> en nuestra boutique.<\/span><\/li>\n<\/ul>\n\t\t\t\t\t\t\t\t\t\t\t<\/div>\n\t\t\t\t<\/div>\n\t\t\t\t\t\t\t\n\t\t\t\t\n\t\t\t\t<div class=\"wd-accordion-item\">\n\t\t\t\t\t<div class=\"wd-accordion-title font-primary wd-fontsize-s text-left wd-opener-pos-left wd-font-weight-600\" data-accordion-index=\"5\">\n\t\t\t\t\t\t<div class=\"wd-accordion-title-text\">\n\t\t\t\t\t\t\t\t\t\t\t\t\t\t<span>\n\t\t\t\t\t\t\t\t\u00bfHacen env\u00edos a domicilio?\t\t\t\t\t\t\t<\/span>\n\t\t\t\t\t\t<\/div>\n\t\t\t\t\t\t<span class=\"wd-accordion-opener wd-opener-style-arrow\"><\/span>\n\t\t\t\t\t<\/div>\n\n\t\t\t\t\t<div class=\"wd-accordion-content reset-last-child\" data-accordion-index=\"5\">\n\t\t\t\t\t\t\t\t\t\t\t\t\t\n<ul>\n<li style=\"font-weight: 400;\" aria-level=\"1\"><span style=\"font-weight: 400;\">S\u00ed, hacemos env\u00edos a domicilio para las compras de vestidos de novia. Los costos de env\u00edo pueden variar dependiendo de la ubicaci\u00f3n.<\/span><\/li>\n<\/ul>\n\t\t\t\t\t\t\t\t\t\t\t<\/div>\n\t\t\t\t<\/div>\n\t\t\t\t\t\t\t\n\t\t\t\t\n\t\t\t\t<div class=\"wd-accordion-item\">\n\t\t\t\t\t<div class=\"wd-accordion-title font-primary wd-fontsize-s text-left wd-opener-pos-left wd-font-weight-600\" data-accordion-index=\"6\">\n\t\t\t\t\t\t<div class=\"wd-accordion-title-text\">\n\t\t\t\t\t\t\t\t\t\t\t\t\t\t<span>\n\t\t\t\t\t\t\t\t\u00bfQu\u00e9 debo hacer si pierdo mi comprobante de domicilio o INE antes de la devoluci\u00f3n del vestido?\t\t\t\t\t\t\t<\/span>\n\t\t\t\t\t\t<\/div>\n\t\t\t\t\t\t<span class=\"wd-accordion-opener wd-opener-style-arrow\"><\/span>\n\t\t\t\t\t<\/div>\n\n\t\t\t\t\t<div class=\"wd-accordion-content reset-last-child\" data-accordion-index=\"6\">\n\t\t\t\t\t\t\t\t\t\t\t\t\t\n<ul>\n<li style=\"font-weight: 400;\" aria-level=\"1\"><span style=\"font-weight: 400;\">Si no puedes proporcionar el comprobante necesario, se retendr\u00e1 el <\/span><b>dep\u00f3sito en garant\u00eda<\/b><span style=\"font-weight: 400;\"> hasta que puedas proporcionar la documentaci\u00f3n faltante o el vestido sea devuelto en condiciones \u00f3ptimas.<\/span><\/li>\n<\/ul>\n\t\t\t\t\t\t\t\t\t\t\t<\/div>\n\t\t\t\t<\/div>\n\t\t\t\t\t\t\t\n\t\t\t\t\n\t\t\t\t<div class=\"wd-accordion-item\">\n\t\t\t\t\t<div class=\"wd-accordion-title font-primary wd-fontsize-s text-left wd-opener-pos-left wd-font-weight-600\" data-accordion-index=\"7\">\n\t\t\t\t\t\t<div class=\"wd-accordion-title-text\">\n\t\t\t\t\t\t\t\t\t\t\t\t\t\t<span>\n\t\t\t\t\t\t\t\t\u00bfC\u00f3mo agendo una cita con un stylist?\t\t\t\t\t\t\t<\/span>\n\t\t\t\t\t\t<\/div>\n\t\t\t\t\t\t<span class=\"wd-accordion-opener wd-opener-style-arrow\"><\/span>\n\t\t\t\t\t<\/div>\n\n\t\t\t\t\t<div class=\"wd-accordion-content reset-last-child\" data-accordion-index=\"7\">\n\t\t\t\t\t\t\t\t\t\t\t\t\t\n<ul>\n<li style=\"font-weight: 400;\" aria-level=\"1\"><span style=\"font-weight: 400;\">Puedes agendar una cita directamente en nuestro sitio web o llamarnos a nuestra boutique. Un stylist estar\u00e1 encantado de ayudarte a encontrar el vestido perfecto para tu ocasi\u00f3n especial.<\/span><\/li>\n<\/ul>\n\t\t\t\t\t\t\t\t\t\t\t<\/div>\n\t\t\t\t<\/div>\n\t\t\t\t\t\t\t\n\t\t\t\t\n\t\t\t\t<div class=\"wd-accordion-item\">\n\t\t\t\t\t<div class=\"wd-accordion-title font-primary wd-fontsize-s text-left wd-opener-pos-left wd-font-weight-600\" data-accordion-index=\"8\">\n\t\t\t\t\t\t<div class=\"wd-accordion-title-text\">\n\t\t\t\t\t\t\t\t\t\t\t\t\t\t<span>\n\t\t\t\t\t\t\t\t\u00bfTienen alg\u00fan programa de fidelidad o descuentos especiales?\t\t\t\t\t\t\t<\/span>\n\t\t\t\t\t\t<\/div>\n\t\t\t\t\t\t<span class=\"wd-accordion-opener wd-opener-style-arrow\"><\/span>\n\t\t\t\t\t<\/div>\n\n\t\t\t\t\t<div class=\"wd-accordion-content reset-last-child\" data-accordion-index=\"8\">\n\t\t\t\t\t\t\t\t\t\t\t\t\t\n<ul>\n<li style=\"font-weight: 400;\" aria-level=\"1\"><span style=\"font-weight: 400;\">Ofrecemos descuentos y promociones exclusivas a nuestros clientes habituales. Suscr\u00edbete a nuestro newsletter o sigue nuestras redes sociales para estar al tanto de nuestras ofertas<\/span><\/li>\n<\/ul>\n\t\t\t\t\t\t\t\t\t\t\t<\/div>\n\t\t\t\t<\/div>\n\t\t\t\t\t\t\t\t\t\t\t\t\t\t<\/div>\n\n\t\t[\/vc_column][\/vc_row]<\/p>\n<\/div>","protected":false},"excerpt":{"rendered":"<p>[vc_row css=&#8221;.vc_custom_1666272380651{margin-bottom: 80px !important;}&#8221; woodmart_css_id=&#8221;63514c723c2f3&#8243; responsive_spacing=&#8221;eyJwYXJhbV90eXBlIjoid29vZG1hcnRfcmVzcG9uc2l2ZV9zcGFjaW5nIiwic2VsZWN0b3JfaWQiOiI2MzUxNGM3MjNjMmYzIiwic2hvcnRjb2RlIjoidmNfcm93IiwiZGF0YSI6eyJ0YWJsZXQiOnsibWFyZ2luLWJvdHRvbSI6IjYwIn0sIm1vYmlsZSI6eyJtYXJnaW4tYm90dG9tIjoiNDAifX19&#8243; mobile_bg_img_hidden=&#8221;no&#8221; tablet_bg_img_hidden=&#8221;no&#8221; woodmart_parallax=&#8221;0&#8243; woodmart_gradient_switch=&#8221;no&#8221; woodmart_box_shadow=&#8221;no&#8221; wd_z_index=&#8221;no&#8221; woodmart_disable_overflow=&#8221;0&#8243; row_reverse_mobile=&#8221;0&#8243; row_reverse_tablet=&#8221;0&#8243;][vc_column css=&#8221;.vc_custom_1666272391679{padding-top: 0px !important;}&#8221; woodmart_css_id=&#8221;63514c8260958&#8243; parallax_scroll=&#8221;no&#8221;<\/p>\n","protected":false},"author":2,"featured_media":0,"parent":0,"menu_order":0,"comment_status":"closed","ping_status":"closed","template":"","meta":{"footnotes":""},"class_list":["post-9498","page","type-page","status-publish","hentry"],"_links":{"self":[{"href":"https:\/\/marsd.com.mx\/index.php?rest_route=\/wp\/v2\/pages\/9498","targetHints":{"allow":["GET"]}}],"collection":[{"href":"https:\/\/marsd.com.mx\/index.php?rest_route=\/wp\/v2\/pages"}],"about":[{"href":"https:\/\/marsd.com.mx\/index.php?rest_route=\/wp\/v2\/types\/page"}],"author":[{"embeddable":true,"href":"https:\/\/marsd.com.mx\/index.php?rest_route=\/wp\/v2\/users\/2"}],"replies":[{"embeddable":true,"href":"https:\/\/marsd.com.mx\/index.php?rest_route=%2Fwp%2Fv2%2Fcomments&post=9498"}],"version-history":[{"count":11,"href":"https:\/\/marsd.com.mx\/index.php?rest_route=\/wp\/v2\/pages\/9498\/revisions"}],"predecessor-version":[{"id":9569,"href":"https:\/\/marsd.com.mx\/index.php?rest_route=\/wp\/v2\/pages\/9498\/revisions\/9569"}],"wp:attachment":[{"href":"https:\/\/marsd.com.mx\/index.php?rest_route=%2Fwp%2Fv2%2Fmedia&parent=9498"}],"curies":[{"name":"wp","href":"https:\/\/api.w.org\/{rel}","templated":true}]}}